{"id":3,"date":"2025-09-30T20:12:47","date_gmt":"2025-09-30T20:12:47","guid":{"rendered":"http:\/\/zolarexinc.com\/?page_id=3"},"modified":"2025-12-03T11:18:42","modified_gmt":"2025-12-03T16:18:42","slug":"privacy-policy","status":"publish","type":"page","link":"https:\/\/zolarexinc.com\/es\/privacy-policy\/","title":{"rendered":"ZOLAREX Website Content &amp; Legal Framework \u2013 2025"},"content":{"rendered":"<div data-elementor-type=\"wp-page\" data-elementor-id=\"3\" class=\"elementor elementor-3\" data-elementor-post-type=\"page\">\n\t\t\t\t<div class=\"elementor-element elementor-element-816a389 e-flex e-con-boxed e-con e-parent\" data-id=\"816a389\" data-element_type=\"container\">\n\t\t\t\t\t<div class=\"e-con-inner\">\n\t\t<div class=\"elementor-element elementor-element-ac68cbf e-con-full e-flex e-con e-child\" data-id=\"ac68cbf\" data-element_type=\"container\" data-settings=\"{&quot;background_background&quot;:&quot;classic&quot;}\">\n\t\t\t\t<div class=\"elementor-element elementor-element-9a01c26 elementor-widget elementor-widget-heading\" data-id=\"9a01c26\" data-element_type=\"widget\" data-widget_type=\"heading.default\">\n\t\t\t\t<div class=\"elementor-widget-container\">\n\t\t\t\t\t<h1 class=\"elementor-heading-title elementor-size-default\">Zolarex Import &amp; Export Inc. \u2013 Marco legal y contenido del sitio web 2025<\/h1>\t\t\t\t<\/div>\n\t\t\t\t<\/div>\n\t\t\t\t<div class=\"elementor-element elementor-element-b25c536 elementor-widget elementor-widget-text-editor\" data-id=\"b25c536\" data-element_type=\"widget\" data-widget_type=\"text-editor.default\">\n\t\t\t\t<div class=\"elementor-widget-container\">\n\t\t\t\t\t\t\t\t\t<p>Este documento proporciona el contenido oficial y las directrices estructurales para el desarrollo del sitio web de Zolarex Import &amp; Export Inc. Incluye categor\u00edas clave, restricciones, mercados objetivo, preferencias log\u00edsticas, tiempos operativos y textos legales fundamentales.<\/p>\t\t\t\t\t\t\t\t<\/div>\n\t\t\t\t<\/div>\n\t\t\t\t<div class=\"elementor-element elementor-element-f4360b1 elementor-widget elementor-widget-heading\" data-id=\"f4360b1\" data-element_type=\"widget\" data-widget_type=\"heading.default\">\n\t\t\t\t<div class=\"elementor-widget-container\">\n\t\t\t\t\t<h2 class=\"elementor-heading-title elementor-size-default\">T\u00c9RMINOS Y CONDICIONES DE USO DEL SITIO WEB<\/h2>\t\t\t\t<\/div>\n\t\t\t\t<\/div>\n\t\t\t\t<div class=\"elementor-element elementor-element-c0d449c elementor-widget elementor-widget-text-editor\" data-id=\"c0d449c\" data-element_type=\"widget\" data-widget_type=\"text-editor.default\">\n\t\t\t\t<div class=\"elementor-widget-container\">\n\t\t\t\t\t\t\t\t\t<p>Al acceder y utilizar este sitio web, usted acepta los siguientes t\u00e9rminos:<\/p><ol><li>El sitio web es operado por Zolarex Import &amp; Export Inc. con fines informativos y comerciales relacionados con actividades de comercio internacional.<\/li><\/ol><ol start=\"2\"><li>Todo el contenido (textos, gr\u00e1ficos, logotipos e im\u00e1genes) es propiedad de Zolarex y no podr\u00e1 ser copiado, modificado ni reutilizado sin autorizaci\u00f3n escrita.<\/li><\/ol><ol start=\"3\"><li>Zolarex no se hace responsable de los enlaces externos ni de los sitios web de terceros mencionados en este sitio.<\/li><\/ol><ol start=\"4\"><li>Zolarex se reserva el derecho de modificar o actualizar este contenido en cualquier momento sin previo aviso.<\/li><\/ol><ol start=\"5\"><li>Estos t\u00e9rminos se rigen por las leyes de la Provincia de Ontario y las leyes federales de Canad\u00e1.<b style=\"font-style: inherit;\">.<\/b><\/li><\/ol>\t\t\t\t\t\t\t\t<\/div>\n\t\t\t\t<\/div>\n\t\t\t\t<div class=\"elementor-element elementor-element-1449eb4 elementor-widget elementor-widget-heading\" data-id=\"1449eb4\" data-element_type=\"widget\" data-widget_type=\"heading.default\">\n\t\t\t\t<div class=\"elementor-widget-container\">\n\t\t\t\t\t<h2 class=\"elementor-heading-title elementor-size-default\">POL\u00cdTICAS DE PRIVACIDAD<\/h2>\t\t\t\t<\/div>\n\t\t\t\t<\/div>\n\t\t\t\t<div class=\"elementor-element elementor-element-efdf5a7 elementor-widget elementor-widget-text-editor\" data-id=\"efdf5a7\" data-element_type=\"widget\" data-widget_type=\"text-editor.default\">\n\t\t\t\t<div class=\"elementor-widget-container\">\n\t\t\t\t\t\t\t\t\t<p>Zolarex no gestiona ni representa productos que:<\/p><ul><li>Est\u00e9n prohibidos por las normativas sanitarias o de importaci\u00f3n en Canad\u00e1 o en los pa\u00edses de destino.<\/li><li>Contengan materiales peligrosos o qu\u00edmicos.<\/li><li>Requieran cadena de fr\u00edo sin condiciones certificadas.<\/li><li>Carezcan de trazabilidad, registro sanitario o certificado de origen.<\/li><li>Sean falsificados o vulneren derechos de propiedad intelectual.<\/li><\/ul><p>Mercados principales:<\/p><p>Canad\u00e1 y Am\u00e9rica Latina, el n\u00facleo de nuestras operaciones comerciales y representaci\u00f3n.<\/p><p>Zolarex construye s\u00f3lidos puentes comerciales entre ambas regiones, promoviendo alianzas confiables y un comercio responsable.<\/p><p>Nuestra red en Am\u00e9rica Latina incluye Colombia, Chile, Per\u00fa y M\u00e9xico.<\/p><p>Mercados segundarios:<\/p><p>Estados Unidos y la Uni\u00f3n Europea (Espa\u00f1a, Alemania, Pa\u00edses Bajos), destinos estrat\u00e9gicos para la expansi\u00f3n continua y el establecimiento de alianzas globales.<\/p>\t\t\t\t\t\t\t\t<\/div>\n\t\t\t\t<\/div>\n\t\t\t\t<div class=\"elementor-element elementor-element-98f8523 elementor-widget elementor-widget-heading\" data-id=\"98f8523\" data-element_type=\"widget\" data-widget_type=\"heading.default\">\n\t\t\t\t<div class=\"elementor-widget-container\">\n\t\t\t\t\t<h2 class=\"elementor-heading-title elementor-size-default\">RESTRICCIONES DE PRODUCTOS Y ENFOQUE DE MERCADO<\/h2>\t\t\t\t<\/div>\n\t\t\t\t<\/div>\n\t\t\t\t<div class=\"elementor-element elementor-element-fe14ca3 elementor-widget elementor-widget-text-editor\" data-id=\"fe14ca3\" data-element_type=\"widget\" data-widget_type=\"text-editor.default\">\n\t\t\t\t<div class=\"elementor-widget-container\">\n\t\t\t\t\t\t\t\t\t<h4><b>\u00daltima actualizaci\u00f3n: enero de 2025 <\/b><\/h4><p>Zolarex Import &amp; Export Inc. (\u201cZolarex\u201d, \u201cnosotros\u201d, \u201cnuestro\u201d o \u201cnos\u201d) se compromete a proteger su informaci\u00f3n personal.<\/p><p>Recopilamos y procesamos \u00fanicamente los datos necesarios para prestar nuestros servicios, responder a consultas y mejorar la experiencia del usuario.<\/p><p>Datos que recopilamos:<\/p><ul><li>Informaci\u00f3n proporcionada voluntariamente a trav\u00e9s de formularios de contacto o correos electr\u00f3nicos (nombre, correo electr\u00f3nico, empresa, mensaje).<\/li><li><span style=\"font-size: 16px;\">Datos anal\u00edticos an\u00f3nimos del sitio web y cookies para monitorear el tr\u00e1fico y el rendimiento.<\/span><\/li><\/ul><p>C\u00f3mo utilizamos sus datos:<\/p><ul><li>Para responder a sus solicitudes y mantener la comunicaci\u00f3n.<\/li><li><span style=\"font-size: 16px;\">Para analizar y mejorar el rendimiento de nuestro sitio web.\u00a0<\/span><\/li><li><span style=\"font-size: 16px;\">Para cumplir con las leyes y normativas aplicables.<\/span><\/li><\/ul><p>Cumplimiento legal:<\/p><p>Zolarex cumple con la Ley de Protecci\u00f3n de Informaci\u00f3n Personal y Documentos Electr\u00f3nicos (PIPEDA) de Canad\u00e1 y con el Reglamento General de Protecci\u00f3n de Datos (GDPR) de la Uni\u00f3n Europea.<\/p><p>Acceso y eliminaci\u00f3n de datos:<\/p><p>Usted puede solicitar el acceso, correcci\u00f3n o eliminaci\u00f3n de sus datos personales contact\u00e1ndonos en<\/p><p><a href=\"mailto:info@zolarexinc.com\">info@zolarexinc.com<\/a>.<\/p>\t\t\t\t\t\t\t\t<\/div>\n\t\t\t\t<\/div>\n\t\t\t\t<div class=\"elementor-element elementor-element-2f6cdde elementor-widget elementor-widget-heading\" data-id=\"2f6cdde\" data-element_type=\"widget\" data-widget_type=\"heading.default\">\n\t\t\t\t<div class=\"elementor-widget-container\">\n\t\t\t\t\t<h2 class=\"elementor-heading-title elementor-size-default\">Aviso legal<\/h2>\t\t\t\t<\/div>\n\t\t\t\t<\/div>\n\t\t\t\t<div class=\"elementor-element elementor-element-e8a9af4 elementor-widget elementor-widget-text-editor\" data-id=\"e8a9af4\" data-element_type=\"widget\" data-widget_type=\"text-editor.default\">\n\t\t\t\t<div class=\"elementor-widget-container\">\n\t\t\t\t\t\t\t\t\t<h4><b>ZOLAREX Import &amp; Export Inc. <\/b><\/h4><h4><b>Oficina registrada: 28 Gosling Rd, Maple, ON L6A 1E2, Canad\u00e1 <\/b><\/h4><p><b>Contacto: <a href=\"mailto:manager@zolarexinc.com\">manager@zolarexinc.com<\/a><\/b><\/p><p>Zolarex cumple con la Ley de Protecci\u00f3n de Informaci\u00f3n Personal y Documentos Electr\u00f3nicos (PIPEDA) de Canad\u00e1 y con el Reglamento General de Protecci\u00f3n de Datos (GDPR) de la Uni\u00f3n Europea.<\/p><p>All materials displayed on this website including the Zolarex name, logo, and content are protected under intellectual property law.<\/p><p>El uso, reproducci\u00f3n o distribuci\u00f3n no autorizados de cualquier parte de este sitio est\u00e1n estrictamente prohibidos.<\/p><h4><b>\u00a9 2025 Zolarex Import &amp; Export Inc. Todos los derechos reservados.<\/b><\/h4>\t\t\t\t\t\t\t\t<\/div>\n\t\t\t\t<\/div>\n\t\t\t\t<div class=\"elementor-element elementor-element-00a592b elementor-widget elementor-widget-heading\" data-id=\"00a592b\" data-element_type=\"widget\" data-widget_type=\"heading.default\">\n\t\t\t\t<div class=\"elementor-widget-container\">\n\t\t\t\t\t<h2 class=\"elementor-heading-title elementor-size-default\">POL\u00cdTICA DE COOKIES<\/h2>\t\t\t\t<\/div>\n\t\t\t\t<\/div>\n\t\t\t\t<div class=\"elementor-element elementor-element-41646e0 elementor-widget elementor-widget-text-editor\" data-id=\"41646e0\" data-element_type=\"widget\" data-widget_type=\"text-editor.default\">\n\t\t\t\t<div class=\"elementor-widget-container\">\n\t\t\t\t\t\t\t\t\t<p>Zolarex Import &amp; Export Inc. utiliza cookies para mejorar la funcionalidad y analizar el rendimiento del sitio web.<\/p><p>Las cookies nos ayudan a comprender las preferencias de los visitantes, optimizar el contenido y mejorar la navegaci\u00f3n.<\/p><p>Al continuar navegando por este sitio web, usted consiente el uso de cookies.<\/p><p>Usted puede deshabilitar o gestionar las cookies en la configuraci\u00f3n de su navegador en cualquier momento.<\/p>\t\t\t\t\t\t\t\t<\/div>\n\t\t\t\t<\/div>\n\t\t\t\t<div class=\"elementor-element elementor-element-17c851f elementor-widget elementor-widget-heading\" data-id=\"17c851f\" data-element_type=\"widget\" data-widget_type=\"heading.default\">\n\t\t\t\t<div class=\"elementor-widget-container\">\n\t\t\t\t\t<h2 class=\"elementor-heading-title elementor-size-default\">RESTRICCIONES DE PRODUCTOS Y ENFOQUE DE MERCADO<\/h2>\t\t\t\t<\/div>\n\t\t\t\t<\/div>\n\t\t\t\t<div class=\"elementor-element elementor-element-f63587e elementor-widget elementor-widget-text-editor\" data-id=\"f63587e\" data-element_type=\"widget\" data-widget_type=\"text-editor.default\">\n\t\t\t\t<div class=\"elementor-widget-container\">\n\t\t\t\t\t\t\t\t\t<p>Zolarex no gestiona ni representa productos que:<\/p><ul><li>Est\u00e9n prohibidos por las normativas sanitarias o de importaci\u00f3n en Canad\u00e1 o en los pa\u00edses de destino.<\/li><li>Contengan materiales peligrosos o qu\u00edmicos.<\/li><li>Requieran cadena de fr\u00edo sin condiciones certificadas.<\/li><li>Carezcan de trazabilidad, registro sanitario o certificado de origen.<\/li><li>Sean falsificados o vulneren derechos de propiedad intelectual.<\/li><\/ul><p>Mercados principales:<\/p><p>Canad\u00e1 y Am\u00e9rica Latina, el n\u00facleo de nuestras operaciones comerciales y representaci\u00f3n.<\/p><p>Zolarex construye s\u00f3lidos puentes comerciales entre ambas regiones, promoviendo alianzas confiables y un comercio responsable.<\/p><p>Nuestra red en Am\u00e9rica Latina incluye Colombia, Chile, Per\u00fa y M\u00e9xico.<\/p><p>Mercados segundarios:<\/p><p>Estados Unidos y la Uni\u00f3n Europea (Espa\u00f1a, Alemania, Pa\u00edses Bajos), destinos estrat\u00e9gicos para la expansi\u00f3n continua y el establecimiento de alianzas globales.<\/p>\t\t\t\t\t\t\t\t<\/div>\n\t\t\t\t<\/div>\n\t\t\t\t<\/div>\n\t\t\t\t\t<\/div>\n\t\t\t\t<\/div>\n\t\t\t\t<\/div>","protected":false},"excerpt":{"rendered":"<p>Zolarex Import &amp; Export Inc. \u2013 Legal &amp; Website Content Framework 2025 This document provides the official content and structural guidelines for the development of the Zolarex Import &amp; Export Inc. website. It includes key categories, restrictions, target markets, logistics preferences, operational timing, and foundational legal texts. TERMS &amp; CONDITIONS OF WEBSITE USE By accessing [&hellip;]<\/p>","protected":false},"author":1,"featured_media":0,"parent":0,"menu_order":0,"comment_status":"closed","ping_status":"open","template":"","meta":{"site-sidebar-layout":"no-sidebar","site-content-layout":"page-builder","ast-site-content-layout":"full-width-container","site-content-style":"default","site-sidebar-style":"default","ast-global-header-display":"","ast-banner-title-visibility":"","ast-main-header-display":"","ast-hfb-above-header-display":"","ast-hfb-below-header-display":"","ast-hfb-mobile-header-display":"","site-post-title":"disabled","ast-breadcrumbs-content":"","ast-featured-img":"disabled","footer-sml-layout":"","theme-transparent-header-meta":"disabled","adv-header-id-meta":"","stick-header-meta":"","header-above-stick-meta":"","header-main-stick-meta":"","header-below-stick-meta":"","astra-migrate-meta-layouts":"set","ast-page-background-enabled":"default","ast-page-background-meta":{"desktop":{"background-color":"","background-image":"","background-repeat":"repeat","background-position":"center center","background-size":"auto","background-attachment":"scroll","background-type":"","background-media":"","overlay-type":"","overlay-color":"","overlay-opacity":"","overlay-gradient":""},"tablet":{"background-color":"","background-image":"","background-repeat":"repeat","background-position":"center center","background-size":"auto","background-attachment":"scroll","background-type":"","background-media":"","overlay-type":"","overlay-color":"","overlay-opacity":"","overlay-gradient":""},"mobile":{"background-color":"","background-image":"","background-repeat":"repeat","background-position":"center center","background-size":"auto","background-attachment":"scroll","background-type":"","background-media":"","overlay-type":"","overlay-color":"","overlay-opacity":"","overlay-gradient":""}},"ast-content-background-meta":{"desktop":{"background-color":"var(--ast-global-color-5)","background-image":"","background-repeat":"repeat","background-position":"center center","background-size":"auto","background-attachment":"scroll","background-type":"","background-media":"","overlay-type":"","overlay-color":"","overlay-opacity":"","overlay-gradient":""},"tablet":{"background-color":"var(--ast-global-color-5)","background-image":"","background-repeat":"repeat","background-position":"center center","background-size":"auto","background-attachment":"scroll","background-type":"","background-media":"","overlay-type":"","overlay-color":"","overlay-opacity":"","overlay-gradient":""},"mobile":{"background-color":"var(--ast-global-color-5)","background-image":"","background-repeat":"repeat","background-position":"center center","background-size":"auto","background-attachment":"scroll","background-type":"","background-media":"","overlay-type":"","overlay-color":"","overlay-opacity":"","overlay-gradient":""}},"footnotes":""},"class_list":["post-3","page","type-page","status-publish","hentry"],"aioseo_notices":[],"_links":{"self":[{"href":"https:\/\/zolarexinc.com\/es\/wp-json\/wp\/v2\/pages\/3","targetHints":{"allow":["GET"]}}],"collection":[{"href":"https:\/\/zolarexinc.com\/es\/wp-json\/wp\/v2\/pages"}],"about":[{"href":"https:\/\/zolarexinc.com\/es\/wp-json\/wp\/v2\/types\/page"}],"author":[{"embeddable":true,"href":"https:\/\/zolarexinc.com\/es\/wp-json\/wp\/v2\/users\/1"}],"replies":[{"embeddable":true,"href":"https:\/\/zolarexinc.com\/es\/wp-json\/wp\/v2\/comments?post=3"}],"version-history":[{"count":26,"href":"https:\/\/zolarexinc.com\/es\/wp-json\/wp\/v2\/pages\/3\/revisions"}],"predecessor-version":[{"id":2018,"href":"https:\/\/zolarexinc.com\/es\/wp-json\/wp\/v2\/pages\/3\/revisions\/2018"}],"wp:attachment":[{"href":"https:\/\/zolarexinc.com\/es\/wp-json\/wp\/v2\/media?parent=3"}],"curies":[{"name":"wp","href":"https:\/\/api.w.org\/{rel}","templated":true}]}}